{"id":204165,"date":"2024-11-23T21:06:47","date_gmt":"2024-11-23T20:06:47","guid":{"rendered":"https:\/\/devetoper.com\/tajlandia\/"},"modified":"2024-11-23T21:08:16","modified_gmt":"2024-11-23T20:08:16","slug":"thailand","status":"publish","type":"page","link":"https:\/\/dev003.devetoper.com\/en\/thailand\/","title":{"rendered":"Thailand"},"content":{"rendered":"","protected":false},"excerpt":{"rendered":"","protected":false},"author":1,"featured_media":0,"parent":0,"menu_order":0,"comment_status":"closed","ping_status":"closed","template":"template-country-properties.php","meta":{"_acf_changed":false,"_kad_blocks_custom_css":"","_kad_blocks_head_custom_js":"","_kad_blocks_body_custom_js":"","_kad_blocks_footer_custom_js":"","_kad_post_transparent":"","_kad_post_title":"","_kad_post_layout":"left","_kad_post_sidebar_id":"","_kad_post_content_style":"","_kad_post_vertical_padding":"hide","_kad_post_feature":"","_kad_post_feature_position":"","_kad_post_header":false,"_kad_post_footer":false,"_joinchat":[],"footnotes":""},"class_list":["post-204165","page","type-page","status-publish","hentry"],"acf":[],"yoast_head":"<!-- This site is optimized with the Yoast SEO plugin v24.5 - https:\/\/yoast.com\/wordpress\/plugins\/seo\/ -->\n<title>Thailand - Devetoper<\/title>\n<meta name=\"robots\" content=\"index, follow, max-snippet:-1, max-image-preview:large, max-video-preview:-1\" \/>\n<link rel=\"canonical\" href=\"https:\/\/dev003.devetoper.com\/en\/thailand\/\" \/>\n<meta property=\"og:locale\" content=\"en_US\" \/>\n<meta property=\"og:type\" content=\"article\" \/>\n<meta property=\"og:title\" content=\"Thailand - Devetoper\" \/>\n<meta property=\"og:url\" content=\"https:\/\/dev003.devetoper.com\/en\/thailand\/\" \/>\n<meta property=\"og:site_name\" content=\"Devetoper\" \/>\n<meta property=\"article:publisher\" content=\"https:\/\/www.facebook.com\/DEVETOPERCOM\" \/>\n<meta property=\"article:modified_time\" content=\"2024-11-23T20:08:16+00:00\" \/>\n<meta property=\"og:image\" content=\"https:\/\/dev003.devetoper.com\/wp-content\/uploads\/2024\/05\/FALLBACK.png\" \/>\n\t<meta property=\"og:image:width\" content=\"1200\" \/>\n\t<meta property=\"og:image:height\" content=\"675\" \/>\n\t<meta property=\"og:image:type\" content=\"image\/png\" \/>\n<meta name=\"twitter:card\" content=\"summary_large_image\" \/>\n<meta name=\"twitter:site\" content=\"@DEVETOPER\" \/>\n<script type=\"application\/ld+json\" class=\"yoast-schema-graph\">{\"@context\":\"https:\/\/schema.org\",\"@graph\":[{\"@type\":\"WebPage\",\"@id\":\"https:\/\/dev003.devetoper.com\/en\/thailand\/\",\"url\":\"https:\/\/dev003.devetoper.com\/en\/thailand\/\",\"name\":\"Thailand - Devetoper\",\"isPartOf\":{\"@id\":\"https:\/\/devetoper.com\/#website\"},\"datePublished\":\"2024-11-23T20:06:47+00:00\",\"dateModified\":\"2024-11-23T20:08:16+00:00\",\"breadcrumb\":{\"@id\":\"https:\/\/dev003.devetoper.com\/en\/thailand\/#breadcrumb\"},\"inLanguage\":\"en-US\",\"potentialAction\":[{\"@type\":\"ReadAction\",\"target\":[\"https:\/\/dev003.devetoper.com\/en\/thailand\/\"]}]},{\"@type\":\"BreadcrumbList\",\"@id\":\"https:\/\/dev003.devetoper.com\/en\/thailand\/#breadcrumb\",\"itemListElement\":[{\"@type\":\"ListItem\",\"position\":1,\"name\":\"Home\",\"item\":\"https:\/\/devetoper.com\/en\/\"},{\"@type\":\"ListItem\",\"position\":2,\"name\":\"Thailand\"}]},{\"@type\":\"WebSite\",\"@id\":\"https:\/\/devetoper.com\/#website\",\"url\":\"https:\/\/devetoper.com\/\",\"name\":\"Devetoper\",\"description\":\"Profesjonalizm, kt\u00f3ry zapewnia bezpiecze\u0144stwo ka\u017cdej transakcji\",\"publisher\":{\"@id\":\"https:\/\/devetoper.com\/#organization\"},\"potentialAction\":[{\"@type\":\"SearchAction\",\"target\":{\"@type\":\"EntryPoint\",\"urlTemplate\":\"https:\/\/devetoper.com\/?s={search_term_string}\"},\"query-input\":{\"@type\":\"PropertyValueSpecification\",\"valueRequired\":true,\"valueName\":\"search_term_string\"}}],\"inLanguage\":\"en-US\"},{\"@type\":\"Organization\",\"@id\":\"https:\/\/devetoper.com\/#organization\",\"name\":\"Devetoper\",\"url\":\"https:\/\/devetoper.com\/\",\"logo\":{\"@type\":\"ImageObject\",\"inLanguage\":\"en-US\",\"@id\":\"https:\/\/devetoper.com\/#\/schema\/logo\/image\/\",\"url\":\"https:\/\/devetoper.com\/wp-content\/uploads\/2024\/05\/ORG_FALLBACK.png\",\"contentUrl\":\"https:\/\/devetoper.com\/wp-content\/uploads\/2024\/05\/ORG_FALLBACK.png\",\"width\":696,\"height\":696,\"caption\":\"Devetoper\"},\"image\":{\"@id\":\"https:\/\/devetoper.com\/#\/schema\/logo\/image\/\"},\"sameAs\":[\"https:\/\/www.facebook.com\/DEVETOPERCOM\",\"https:\/\/x.com\/DEVETOPER\",\"https:\/\/www.youtube.com\/channel\/UCRF8haCQIXnFKmW464sqApQ\",\"https:\/\/www.tiktok.com\/@devetoper\",\"https:\/\/www.instagram.com\/devetoper_\/\"]}]}<\/script>\n<!-- \/ Yoast SEO plugin. -->","yoast_head_json":{"title":"Thailand - Devetoper","robots":{"index":"index","follow":"follow","max-snippet":"max-snippet:-1","max-image-preview":"max-image-preview:large","max-video-preview":"max-video-preview:-1"},"canonical":"https:\/\/dev003.devetoper.com\/en\/thailand\/","og_locale":"en_US","og_type":"article","og_title":"Thailand - Devetoper","og_url":"https:\/\/dev003.devetoper.com\/en\/thailand\/","og_site_name":"Devetoper","article_publisher":"https:\/\/www.facebook.com\/DEVETOPERCOM","article_modified_time":"2024-11-23T20:08:16+00:00","og_image":[{"width":1200,"height":675,"url":"https:\/\/dev003.devetoper.com\/wp-content\/uploads\/2024\/05\/FALLBACK.png","type":"image\/png"}],"twitter_card":"summary_large_image","twitter_site":"@DEVETOPER","schema":{"@context":"https:\/\/schema.org","@graph":[{"@type":"WebPage","@id":"https:\/\/dev003.devetoper.com\/en\/thailand\/","url":"https:\/\/dev003.devetoper.com\/en\/thailand\/","name":"Thailand - Devetoper","isPartOf":{"@id":"https:\/\/devetoper.com\/#website"},"datePublished":"2024-11-23T20:06:47+00:00","dateModified":"2024-11-23T20:08:16+00:00","breadcrumb":{"@id":"https:\/\/dev003.devetoper.com\/en\/thailand\/#breadcrumb"},"inLanguage":"en-US","potentialAction":[{"@type":"ReadAction","target":["https:\/\/dev003.devetoper.com\/en\/thailand\/"]}]},{"@type":"BreadcrumbList","@id":"https:\/\/dev003.devetoper.com\/en\/thailand\/#breadcrumb","itemListElement":[{"@type":"ListItem","position":1,"name":"Home","item":"https:\/\/devetoper.com\/en\/"},{"@type":"ListItem","position":2,"name":"Thailand"}]},{"@type":"WebSite","@id":"https:\/\/devetoper.com\/#website","url":"https:\/\/devetoper.com\/","name":"Devetoper","description":"Profesjonalizm, kt\u00f3ry zapewnia bezpiecze\u0144stwo ka\u017cdej transakcji","publisher":{"@id":"https:\/\/devetoper.com\/#organization"},"potentialAction":[{"@type":"SearchAction","target":{"@type":"EntryPoint","urlTemplate":"https:\/\/devetoper.com\/?s={search_term_string}"},"query-input":{"@type":"PropertyValueSpecification","valueRequired":true,"valueName":"search_term_string"}}],"inLanguage":"en-US"},{"@type":"Organization","@id":"https:\/\/devetoper.com\/#organization","name":"Devetoper","url":"https:\/\/devetoper.com\/","logo":{"@type":"ImageObject","inLanguage":"en-US","@id":"https:\/\/devetoper.com\/#\/schema\/logo\/image\/","url":"https:\/\/devetoper.com\/wp-content\/uploads\/2024\/05\/ORG_FALLBACK.png","contentUrl":"https:\/\/devetoper.com\/wp-content\/uploads\/2024\/05\/ORG_FALLBACK.png","width":696,"height":696,"caption":"Devetoper"},"image":{"@id":"https:\/\/devetoper.com\/#\/schema\/logo\/image\/"},"sameAs":["https:\/\/www.facebook.com\/DEVETOPERCOM","https:\/\/x.com\/DEVETOPER","https:\/\/www.youtube.com\/channel\/UCRF8haCQIXnFKmW464sqApQ","https:\/\/www.tiktok.com\/@devetoper","https:\/\/www.instagram.com\/devetoper_\/"]}]}},"taxonomy_info":[],"featured_image_src_large":false,"author_info":{"display_name":"admin","author_link":"https:\/\/dev003.devetoper.com\/en\/author\/admin_000\/"},"comment_info":0,"jetpack_sharing_enabled":true,"_links":{"self":[{"href":"https:\/\/dev003.devetoper.com\/en\/wp-json\/wp\/v2\/pages\/204165","targetHints":{"allow":["GET"]}}],"collection":[{"href":"https:\/\/dev003.devetoper.com\/en\/wp-json\/wp\/v2\/pages"}],"about":[{"href":"https:\/\/dev003.devetoper.com\/en\/wp-json\/wp\/v2\/types\/page"}],"author":[{"embeddable":true,"href":"https:\/\/dev003.devetoper.com\/en\/wp-json\/wp\/v2\/users\/1"}],"replies":[{"embeddable":true,"href":"https:\/\/dev003.devetoper.com\/en\/wp-json\/wp\/v2\/comments?post=204165"}],"version-history":[{"count":1,"href":"https:\/\/dev003.devetoper.com\/en\/wp-json\/wp\/v2\/pages\/204165\/revisions"}],"predecessor-version":[{"id":204167,"href":"https:\/\/dev003.devetoper.com\/en\/wp-json\/wp\/v2\/pages\/204165\/revisions\/204167"}],"wp:attachment":[{"href":"https:\/\/dev003.devetoper.com\/en\/wp-json\/wp\/v2\/media?parent=204165"}],"curies":[{"name":"wp","href":"https:\/\/api.w.org\/{rel}","templated":true}]}}