{"id":303586,"date":"2025-09-22T02:44:02","date_gmt":"2025-09-22T01:44:02","guid":{"rendered":"https:\/\/devetoper.com\/zakladka-franczyza\/"},"modified":"2025-10-20T10:24:54","modified_gmt":"2025-10-20T09:24:54","slug":"zakladka-franczyza","status":"publish","type":"page","link":"https:\/\/dev003.devetoper.com\/ru\/zakladka-franczyza\/","title":{"rendered":"Franczyza"},"content":{"rendered":"<style>.kadence-column219674_d2458e-30 > .kt-inside-inner-col,.kadence-column219674_d2458e-30 > .kt-inside-inner-col:before{border-top-left-radius:0px;border-top-right-radius:0px;border-bottom-right-radius:0px;border-bottom-left-radius:0px;}.kadence-column219674_d2458e-30 > .kt-inside-inner-col{column-gap:var(--global-kb-gap-sm, 1rem);}.kadence-column219674_d2458e-30 > .kt-inside-inner-col{flex-direction:column;}.kadence-column219674_d2458e-30 > .kt-inside-inner-col > .aligncenter{width:100%;}.kadence-column219674_d2458e-30 > .kt-inside-inner-col:before{opacity:0.3;}.kadence-column219674_d2458e-30{position:relative;}@media all and (max-width: 1024px){.kadence-column219674_d2458e-30 > .kt-inside-inner-col{flex-direction:column;}}@media all and (max-width: 767px){.kadence-column219674_d2458e-30 > .kt-inside-inner-col{flex-direction:column;}}<\/style>\n<div class=\"wp-block-kadence-column kadence-column219674_d2458e-30\"><div class=\"kt-inside-inner-col\"><\/div><\/div>\n\n\n\n<p><strong>Franczyza z platform\u0105 DEVETOPER \u2013 Twoja droga do w\u0142asnego biura nieruchomo\u015bci<\/strong><\/p>\n\n\n\n<p>Je\u017celi jeste\u015b brokerem nieruchomo\u015bci, znasz lokalny rynek i my\u015blisz o otwarciu w\u0142asnego biura, ale nie masz jeszcze gotowego pomys\u0142u ani sprawdzonego modelu biznesowego \u2013 zapraszamy do wsp\u00f3\u0142pracy w ramach franczyzy platformy <strong>DEVETOPER<\/strong>.<\/p>\n\n\n\n<p><strong>DEVETOPER <\/strong>to og\u00f3lno\u015bwiatowa platforma nieruchomo\u015bci, obecna ju\u017c w <strong>23<\/strong> egzotycznych krajach. Dzi\u0119ki do\u015bwiadczeniu, rozpoznawalnej marce, mi\u0119dzynarodowej bazie klient\u00f3w oraz kompleksowemu systemowi wsparcia, umo\u017cliwiamy naszym partnerom szybki i bezpieczny start w bran\u017cy.<\/p>\n\n\n\n<p>Aby rozpocz\u0105\u0107 wsp\u00f3\u0142prac\u0119, wystarczy za\u0142o\u017cy\u0107 dzia\u0142alno\u015b\u0107 gospodarcz\u0105 i znale\u017a\u0107 odpowiednie pomieszczenie, w kt\u00f3rym otworzysz swoje biuro. Od tego momentu mo\u017cesz rozpocz\u0105\u0107 dzia\u0142alno\u015b\u0107 jako franczyzobiorca <strong>DEVETOPER<\/strong>, buduj\u0105c swoj\u0105 pozycj\u0119 na rynku w oparciu o globaln\u0105 mark\u0119.<\/p>\n\n\n\n<p><strong>W ramach wsp\u00f3\u0142pracy zapewniamy pe\u0142ne zaplecze operacyjne i merytoryczne. Udost\u0119pnimy Ci:<\/strong><\/p>\n\n\n\n<div class=\"wp-block-group is-layout-grid wp-container-core-group-is-layout-1 wp-block-group-is-layout-grid\">\n<p class=\"has-text-align-left\"><em>wszystkie niezb\u0119dne materia\u0142y,<\/em><\/p>\n\n\n\n<p><em>nowoczesny system zarz\u0105dzania,<\/em><\/p>\n\n\n\n<p><em>baz\u0119 ofert aktualizowan\u0105 codziennie,<\/em><\/p>\n\n\n\n<p><em>kontakt do wszystkich naszych oddzia\u0142\u00f3w na ca\u0142ym \u015bwiecie,<\/em><\/p>\n\n\n\n<p><em>kompleksowe wsparcie prawne,<\/em><\/p>\n\n\n\n<p><em>pe\u0142ne know-how dotycz\u0105ce sprzeda\u017cy i obs\u0142ugi klient\u00f3w,<\/em><\/p>\n\n\n\n<p><em>profesjonalne materia\u0142y marketingowe,<\/em><\/p>\n\n\n\n<p><em>filmy i tre\u015bci promocyjne do wykorzystania w Twojej dzia\u0142alno\u015bci.<\/em><\/p>\n\n\n\n<p><em>Ponadto otrzymasz do dyspozycji wyspecjalizowane dzia\u0142y wsparcia:<\/em><\/p>\n\n\n\n<p><em>dzia\u0142 techniczny, kt\u00f3ry pomo\u017ce Ci w imporcie ofert oraz sprawnym korzystaniu z platformy,<\/em><\/p>\n\n\n\n<p><em>dzia\u0142 marketingowy, kt\u00f3ry wesprze Ci\u0119 w promocji biura i budowaniu marki,<\/em><\/p>\n\n\n\n<p><em>dzia\u0142 prawny, kt\u00f3ry zapewni bezpiecze\u0144stwo i zgodno\u015b\u0107 ka\u017cdej transakcji.<\/em><\/p>\n<\/div>\n\n\n\n<p>Ka\u017cdy franczyzobiorca przechodzi pe\u0142ne szkolenie wprowadzaj\u0105ce, otrzymuje materia\u0142y szkoleniowe i jest przygotowany do pracy na poziomie mi\u0119dzynarodowego brokera nieruchomo\u015bci. Dzi\u0119ki temu mo\u017cesz rozpocz\u0105\u0107 dzia\u0142alno\u015b\u0107 w oparciu o sprawdzony model i korzysta\u0107 z do\u015bwiadczenia globalnej sieci.<\/p>\n\n\n\n<p>Wsp\u00f3\u0142praca z platform\u0105 <strong>DEVETOPER<\/strong> to prosty i efektywny spos\u00f3b na otwarcie w\u0142asnego biura nieruchomo\u015bci oraz rozw\u00f3j w mi\u0119dzynarodowym \u015brodowisku. Wystarczy skontaktowa\u0107 si\u0119 z nami \u2013 nasz dzia\u0142 franczyzowy przedstawi szczeg\u00f3\u0142y i przeprowadzi Ci\u0119 przez ca\u0142y proces.<\/p>\n\n\n\n<p><strong>Nie odk\u0142adaj decyzji na p\u00f3\u017aniej. To rozwi\u0105zanie, kt\u00f3re daje realn\u0105 mo\u017cliwo\u015b\u0107 zbudowania rentownego biznesu na dynamicznie rozwijaj\u0105cym si\u0119 rynku nieruchomo\u015bci.<\/strong><\/p>\n","protected":false},"excerpt":{"rendered":"<p>Franczyza z platform\u0105 DEVETOPER \u2013 Twoja droga do w\u0142asnego biura nieruchomo\u015bci Je\u017celi jeste\u015b brokerem nieruchomo\u015bci, znasz lokalny rynek i my\u015blisz o otwarciu w\u0142asnego biura, ale nie masz jeszcze gotowego pomys\u0142u ani sprawdzonego modelu biznesowego \u2013 zapraszamy do wsp\u00f3\u0142pracy w ramach franczyzy platformy DEVETOPER. DEVETOPER to og\u00f3lno\u015bwiatowa platforma nieruchomo\u015bci, obecna ju\u017c w 23 egzotycznych krajach. Dzi\u0119ki&#8230;<\/p>\n","protected":false},"author":14,"featured_media":0,"parent":0,"menu_order":0,"comment_status":"closed","ping_status":"closed","template":"","meta":{"_acf_changed":false,"_kad_blocks_custom_css":"","_kad_blocks_head_custom_js":"","_kad_blocks_body_custom_js":"","_kad_blocks_footer_custom_js":"","_kad_post_transparent":"","_kad_post_title":"","_kad_post_layout":"","_kad_post_sidebar_id":"","_kad_post_content_style":"","_kad_post_vertical_padding":"","_kad_post_feature":"","_kad_post_feature_position":"","_kad_post_header":false,"_kad_post_footer":false,"_joinchat":[],"footnotes":""},"class_list":["post-303586","page","type-page","status-publish","hentry"],"acf":[],"yoast_head":"<!-- This site is optimized with the Yoast SEO plugin v24.5 - https:\/\/yoast.com\/wordpress\/plugins\/seo\/ -->\n<title>Franczyza - Devetoper<\/title>\n<meta name=\"robots\" content=\"index, follow, max-snippet:-1, max-image-preview:large, max-video-preview:-1\" \/>\n<link rel=\"canonical\" href=\"https:\/\/dev003.devetoper.com\/ru\/zakladka-franczyza\/\" \/>\n<meta property=\"og:locale\" content=\"ru_RU\" \/>\n<meta property=\"og:type\" content=\"article\" \/>\n<meta property=\"og:title\" content=\"Franczyza - Devetoper\" \/>\n<meta property=\"og:description\" content=\"Franczyza z platform\u0105 DEVETOPER \u2013 Twoja droga do w\u0142asnego biura nieruchomo\u015bci Je\u017celi jeste\u015b brokerem nieruchomo\u015bci, znasz lokalny rynek i my\u015blisz o otwarciu w\u0142asnego biura, ale nie masz jeszcze gotowego pomys\u0142u ani sprawdzonego modelu biznesowego \u2013 zapraszamy do wsp\u00f3\u0142pracy w ramach franczyzy platformy DEVETOPER. DEVETOPER to og\u00f3lno\u015bwiatowa platforma nieruchomo\u015bci, obecna ju\u017c w 23 egzotycznych krajach. Dzi\u0119ki...\" \/>\n<meta property=\"og:url\" content=\"https:\/\/dev003.devetoper.com\/ru\/zakladka-franczyza\/\" \/>\n<meta property=\"og:site_name\" content=\"Devetoper\" \/>\n<meta property=\"article:publisher\" content=\"https:\/\/www.facebook.com\/DEVETOPERCOM\" \/>\n<meta property=\"article:modified_time\" content=\"2025-10-20T09:24:54+00:00\" \/>\n<meta property=\"og:image\" content=\"https:\/\/dev003.devetoper.com\/wp-content\/uploads\/2024\/05\/FALLBACK.png\" \/>\n\t<meta property=\"og:image:width\" content=\"1200\" \/>\n\t<meta property=\"og:image:height\" content=\"675\" \/>\n\t<meta property=\"og:image:type\" content=\"image\/png\" \/>\n<meta name=\"twitter:card\" content=\"summary_large_image\" \/>\n<meta name=\"twitter:site\" content=\"@DEVETOPER\" \/>\n<meta name=\"twitter:label1\" content=\"\u041f\u0440\u0438\u043c\u0435\u0440\u043d\u043e\u0435 \u0432\u0440\u0435\u043c\u044f \u0434\u043b\u044f \u0447\u0442\u0435\u043d\u0438\u044f\" \/>\n\t<meta name=\"twitter:data1\" content=\"2 \u043c\u0438\u043d\u0443\u0442\u0435\u0441\" \/>\n<script type=\"application\/ld+json\" class=\"yoast-schema-graph\">{\"@context\":\"https:\/\/schema.org\",\"@graph\":[{\"@type\":\"WebPage\",\"@id\":\"https:\/\/dev003.devetoper.com\/ru\/zakladka-franczyza\/\",\"url\":\"https:\/\/dev003.devetoper.com\/ru\/zakladka-franczyza\/\",\"name\":\"Franczyza - Devetoper\",\"isPartOf\":{\"@id\":\"https:\/\/devetoper.com\/#website\"},\"datePublished\":\"2025-09-22T01:44:02+00:00\",\"dateModified\":\"2025-10-20T09:24:54+00:00\",\"breadcrumb\":{\"@id\":\"https:\/\/dev003.devetoper.com\/ru\/zakladka-franczyza\/#breadcrumb\"},\"inLanguage\":\"ru-RU\",\"potentialAction\":[{\"@type\":\"ReadAction\",\"target\":[\"https:\/\/dev003.devetoper.com\/ru\/zakladka-franczyza\/\"]}]},{\"@type\":\"BreadcrumbList\",\"@id\":\"https:\/\/dev003.devetoper.com\/ru\/zakladka-franczyza\/#breadcrumb\",\"itemListElement\":[{\"@type\":\"ListItem\",\"position\":1,\"name\":\"\u0413\u043b\u0430\u0432\u043d\u0430\u044f \u0441\u0442\u0440\u0430\u043d\u0438\u0446\u0430\",\"item\":\"https:\/\/devetoper.com\/ru\/\"},{\"@type\":\"ListItem\",\"position\":2,\"name\":\"Franczyza\"}]},{\"@type\":\"WebSite\",\"@id\":\"https:\/\/devetoper.com\/#website\",\"url\":\"https:\/\/devetoper.com\/\",\"name\":\"Devetoper\",\"description\":\"\u041f\u0440\u043e\u0444\u0435\u0441\u0441\u0438\u043e\u043d\u0430\u043b\u0438\u0437\u043c, \u043e\u0431\u0435\u0441\u043f\u0435\u0447\u0438\u0432\u0430\u044e\u0449\u0438\u0439 \u0431\u0435\u0437\u043e\u043f\u0430\u0441\u043d\u043e\u0441\u0442\u044c \u043a\u0430\u0436\u0434\u043e\u0439 \u0442\u0440\u0430\u043d\u0437\u0430\u043a\u0446\u0438\u0438\",\"publisher\":{\"@id\":\"https:\/\/devetoper.com\/#organization\"},\"potentialAction\":[{\"@type\":\"SearchAction\",\"target\":{\"@type\":\"EntryPoint\",\"urlTemplate\":\"https:\/\/devetoper.com\/?s={search_term_string}\"},\"query-input\":{\"@type\":\"PropertyValueSpecification\",\"valueRequired\":true,\"valueName\":\"search_term_string\"}}],\"inLanguage\":\"ru-RU\"},{\"@type\":\"Organization\",\"@id\":\"https:\/\/devetoper.com\/#organization\",\"name\":\"Devetoper\",\"url\":\"https:\/\/devetoper.com\/\",\"logo\":{\"@type\":\"ImageObject\",\"inLanguage\":\"ru-RU\",\"@id\":\"https:\/\/devetoper.com\/#\/schema\/logo\/image\/\",\"url\":\"https:\/\/devetoper.com\/wp-content\/uploads\/2024\/05\/ORG_FALLBACK.png\",\"contentUrl\":\"https:\/\/devetoper.com\/wp-content\/uploads\/2024\/05\/ORG_FALLBACK.png\",\"width\":696,\"height\":696,\"caption\":\"Devetoper\"},\"image\":{\"@id\":\"https:\/\/devetoper.com\/#\/schema\/logo\/image\/\"},\"sameAs\":[\"https:\/\/www.facebook.com\/DEVETOPERCOM\",\"https:\/\/x.com\/DEVETOPER\",\"https:\/\/www.youtube.com\/channel\/UCRF8haCQIXnFKmW464sqApQ\",\"https:\/\/www.tiktok.com\/@devetoper\",\"https:\/\/www.instagram.com\/devetoper_\/\"]}]}<\/script>\n<!-- \/ Yoast SEO plugin. -->","yoast_head_json":{"title":"Franczyza - Devetoper","robots":{"index":"index","follow":"follow","max-snippet":"max-snippet:-1","max-image-preview":"max-image-preview:large","max-video-preview":"max-video-preview:-1"},"canonical":"https:\/\/dev003.devetoper.com\/ru\/zakladka-franczyza\/","og_locale":"ru_RU","og_type":"article","og_title":"Franczyza - Devetoper","og_description":"Franczyza z platform\u0105 DEVETOPER \u2013 Twoja droga do w\u0142asnego biura nieruchomo\u015bci Je\u017celi jeste\u015b brokerem nieruchomo\u015bci, znasz lokalny rynek i my\u015blisz o otwarciu w\u0142asnego biura, ale nie masz jeszcze gotowego pomys\u0142u ani sprawdzonego modelu biznesowego \u2013 zapraszamy do wsp\u00f3\u0142pracy w ramach franczyzy platformy DEVETOPER. DEVETOPER to og\u00f3lno\u015bwiatowa platforma nieruchomo\u015bci, obecna ju\u017c w 23 egzotycznych krajach. Dzi\u0119ki...","og_url":"https:\/\/dev003.devetoper.com\/ru\/zakladka-franczyza\/","og_site_name":"Devetoper","article_publisher":"https:\/\/www.facebook.com\/DEVETOPERCOM","article_modified_time":"2025-10-20T09:24:54+00:00","og_image":[{"width":1200,"height":675,"url":"https:\/\/dev003.devetoper.com\/wp-content\/uploads\/2024\/05\/FALLBACK.png","type":"image\/png"}],"twitter_card":"summary_large_image","twitter_site":"@DEVETOPER","twitter_misc":{"\u041f\u0440\u0438\u043c\u0435\u0440\u043d\u043e\u0435 \u0432\u0440\u0435\u043c\u044f \u0434\u043b\u044f \u0447\u0442\u0435\u043d\u0438\u044f":"2 \u043c\u0438\u043d\u0443\u0442\u0435\u0441"},"schema":{"@context":"https:\/\/schema.org","@graph":[{"@type":"WebPage","@id":"https:\/\/dev003.devetoper.com\/ru\/zakladka-franczyza\/","url":"https:\/\/dev003.devetoper.com\/ru\/zakladka-franczyza\/","name":"Franczyza - Devetoper","isPartOf":{"@id":"https:\/\/devetoper.com\/#website"},"datePublished":"2025-09-22T01:44:02+00:00","dateModified":"2025-10-20T09:24:54+00:00","breadcrumb":{"@id":"https:\/\/dev003.devetoper.com\/ru\/zakladka-franczyza\/#breadcrumb"},"inLanguage":"ru-RU","potentialAction":[{"@type":"ReadAction","target":["https:\/\/dev003.devetoper.com\/ru\/zakladka-franczyza\/"]}]},{"@type":"BreadcrumbList","@id":"https:\/\/dev003.devetoper.com\/ru\/zakladka-franczyza\/#breadcrumb","itemListElement":[{"@type":"ListItem","position":1,"name":"\u0413\u043b\u0430\u0432\u043d\u0430\u044f \u0441\u0442\u0440\u0430\u043d\u0438\u0446\u0430","item":"https:\/\/devetoper.com\/ru\/"},{"@type":"ListItem","position":2,"name":"Franczyza"}]},{"@type":"WebSite","@id":"https:\/\/devetoper.com\/#website","url":"https:\/\/devetoper.com\/","name":"Devetoper","description":"\u041f\u0440\u043e\u0444\u0435\u0441\u0441\u0438\u043e\u043d\u0430\u043b\u0438\u0437\u043c, \u043e\u0431\u0435\u0441\u043f\u0435\u0447\u0438\u0432\u0430\u044e\u0449\u0438\u0439 \u0431\u0435\u0437\u043e\u043f\u0430\u0441\u043d\u043e\u0441\u0442\u044c \u043a\u0430\u0436\u0434\u043e\u0439 \u0442\u0440\u0430\u043d\u0437\u0430\u043a\u0446\u0438\u0438","publisher":{"@id":"https:\/\/devetoper.com\/#organization"},"potentialAction":[{"@type":"SearchAction","target":{"@type":"EntryPoint","urlTemplate":"https:\/\/devetoper.com\/?s={search_term_string}"},"query-input":{"@type":"PropertyValueSpecification","valueRequired":true,"valueName":"search_term_string"}}],"inLanguage":"ru-RU"},{"@type":"Organization","@id":"https:\/\/devetoper.com\/#organization","name":"Devetoper","url":"https:\/\/devetoper.com\/","logo":{"@type":"ImageObject","inLanguage":"ru-RU","@id":"https:\/\/devetoper.com\/#\/schema\/logo\/image\/","url":"https:\/\/devetoper.com\/wp-content\/uploads\/2024\/05\/ORG_FALLBACK.png","contentUrl":"https:\/\/devetoper.com\/wp-content\/uploads\/2024\/05\/ORG_FALLBACK.png","width":696,"height":696,"caption":"Devetoper"},"image":{"@id":"https:\/\/devetoper.com\/#\/schema\/logo\/image\/"},"sameAs":["https:\/\/www.facebook.com\/DEVETOPERCOM","https:\/\/x.com\/DEVETOPER","https:\/\/www.youtube.com\/channel\/UCRF8haCQIXnFKmW464sqApQ","https:\/\/www.tiktok.com\/@devetoper","https:\/\/www.instagram.com\/devetoper_\/"]}]}},"taxonomy_info":[],"featured_image_src_large":false,"author_info":{"display_name":"Admin Devetoper","author_link":"https:\/\/dev003.devetoper.com\/ru\/author\/deveadmtop\/"},"comment_info":0,"jetpack_sharing_enabled":true,"_links":{"self":[{"href":"https:\/\/dev003.devetoper.com\/ru\/wp-json\/wp\/v2\/pages\/303586","targetHints":{"allow":["GET"]}}],"collection":[{"href":"https:\/\/dev003.devetoper.com\/ru\/wp-json\/wp\/v2\/pages"}],"about":[{"href":"https:\/\/dev003.devetoper.com\/ru\/wp-json\/wp\/v2\/types\/page"}],"author":[{"embeddable":true,"href":"https:\/\/dev003.devetoper.com\/ru\/wp-json\/wp\/v2\/users\/14"}],"replies":[{"embeddable":true,"href":"https:\/\/dev003.devetoper.com\/ru\/wp-json\/wp\/v2\/comments?post=303586"}],"version-history":[{"count":1,"href":"https:\/\/dev003.devetoper.com\/ru\/wp-json\/wp\/v2\/pages\/303586\/revisions"}],"predecessor-version":[{"id":303592,"href":"https:\/\/dev003.devetoper.com\/ru\/wp-json\/wp\/v2\/pages\/303586\/revisions\/303592"}],"wp:attachment":[{"href":"https:\/\/dev003.devetoper.com\/ru\/wp-json\/wp\/v2\/media?parent=303586"}],"curies":[{"name":"wp","href":"https:\/\/api.w.org\/{rel}","templated":true}]}}